{"id":1035,"date":"2021-06-20T15:48:58","date_gmt":"2021-06-20T13:48:58","guid":{"rendered":"https:\/\/www.sprachschule-aktiv-leipzig.de\/home\/"},"modified":"2023-10-10T10:47:23","modified_gmt":"2023-10-10T08:47:23","slug":"home","status":"publish","type":"page","link":"https:\/\/www.sprachschule-aktiv-leipzig.de\/fr\/","title":{"rendered":"Sprachschule Aktiv Leipzig"},"content":{"rendered":"<p>[vc_row full_width=&#8221;stretch_row_content_no_spaces&#8221; content_placement=&#8221;middle&#8221; css=&#8221;.vc_custom_1624214439868{margin-bottom: 20px !important;background-color: #eeeced !important;}&#8221;][vc_column width=&#8221;1\/2&#8243;][vc_single_image image=&#8221;1202&#8243; img_size=&#8221;full&#8221;][\/vc_column][vc_column width=&#8221;1\/2&#8243;][vc_column_text css=&#8221;.vc_custom_1646475046807{margin-top: 20px !important;}&#8221;]<\/p>\n<h3 style=\"text-align: center; font-size: 55px;\">Bienvenue<\/h3>\n<h4 style=\"text-align: center; font-size: 34px;\">\u00e0 Sprachschule Aktiv<\/h4>\n<p>[\/vc_column_text]\t<div class=\"vc_btn3-container vc_btn3-center\">\r\n\t\t<a href=\"\/fr\/contactez-nous\/\" class=\"pgs_btn pgs_btn_style_1 pgs_btn_lg\">\r\n\t\t\t<span>\r\n\t\t\t\tD&#039;autres questions?\t\t\t<\/span>\r\n\t\t\t\t\t\t<i class=\"fas fa-angle-double-right\"><\/i>\r\n\t\t\t\t\t<\/a>\r\n\t<\/div>\r\n\t\t<div class=\"vc_btn3-container vc_btn3-center\">\r\n\t\t<a href=\"https:\/\/www.sprachschule-aktiv-leipzig.de\/fr\/inscription-aux-cours-de-langue\/\" class=\"pgs_btn pgs_btn_style_1 pgs_btn_lg\">\r\n\t\t\t<span>\r\n\t\t\t\tS&#039;inscrire maintenant\t\t\t<\/span>\r\n\t\t\t\t\t\t<i class=\"fas fa-angle-double-right\"><\/i>\r\n\t\t\t\t\t<\/a>\r\n\t<\/div>\r\n\t[\/vc_column][\/vc_row][vc_row][vc_column][vc_column_text]<\/p>\n<h1>Cours d&#8217;allemand \u00e0 Leipzig &#8211; A1 \u00e0 C2 &#8211; \u00c9cole de langues Aktiv<\/h1>\n<p>Apprendre l&#8217;allemand \u00e0 Leipzig en cours intensifs, cours du soir, cours particuliers et cours en ligne avec certificat de langue. Cours d&#8217;allemand \u00e0 Leipzig avec le\u00e7on d&#8217;essai gratuite en cours priv\u00e9 et <a href=\"https:\/\/www.sprachschule-aktiv-leipzig.de\/einstufungstest-deutsch-und-fremdsprachen\/\" target=\"_blank\" rel=\"noopener\">test de niveau gratuit<\/a>. Cours d&#8217;allemand pour d\u00e9butants et avanc\u00e9s.<\/p>\n<p>Vous \u00eates \u00e0 la recherche d&#8217;un partenaire fiable et professionnel pour apprendre l&#8217;allemand ? Apprenez l&#8217;allemand \u00e0 Leipzig et profitez du grand choix de mod\u00e8les de cours d\u2019A1 \u00e0 C2.<\/p>\n<h2>Apprendre l&#8217;allemand \u00e0 Leipzig avec des universitaires qualifi\u00e9s et des locuteurs natifs<\/h2>\n<p>[\/vc_column_text][vc_row_inner content_placement=&#8221;middle&#8221;][vc_column_inner width=&#8221;1\/2&#8243;][vc_column_text]<iframe src=\"https:\/\/www.youtube.com\/embed\/54-5aCU96MM\" width=\"100%\" height=\"320\" frameborder=\"0\" allowfullscreen=\"allowfullscreen\"><\/iframe><\/p>\n<p>[\/vc_column_text][\/vc_column_inner][vc_column_inner width=&#8221;1\/2&#8243;][vc_column_text]Dans nos cours d&#8217;allemand, des locuteurs natifs ainsi que des universitaires exp\u00e9riment\u00e9s enseignent \u00e0 tous les niveaux avec du mat\u00e9riel p\u00e9dagogique moderne. Tous nos enseignants sont titulaires d&#8217;un dipl\u00f4me universitaire et disposent d&#8217;une tr\u00e8s grande exp\u00e9rience dans l&#8217;enseignement de la langue allemande. Ils sont \u00e9galement comp\u00e9tents en mati\u00e8re de connaissance du pays et de conseils passionnants sur la vie quotidienne en Allemagne.[\/vc_column_text]\t<div class=\"vc_btn3-container vc_btn3-inline\">\r\n\t\t<a href=\"\/fr\/contactez-nous\/\" class=\"pgs_btn pgs_btn_style_1 pgs_btn_lg\">\r\n\t\t\t<span>\r\n\t\t\t\tD&#039;autres questions?\t\t\t<\/span>\r\n\t\t\t\t\t\t<i class=\"fas fa-angle-double-right\"><\/i>\r\n\t\t\t\t\t<\/a>\r\n\t<\/div>\r\n\t[\/vc_column_inner][\/vc_row_inner][\/vc_column][\/vc_row][vc_row full_width=&#8221;stretch_row&#8221; css=&#8221;.vc_custom_1646474154796{padding-top: 25px !important;padding-bottom: 35px !important;background-color: #f8f8f8 !important;}&#8221;][vc_column][vc_column_text]<\/p>\n<h2>Cours d&#8217;allemand \u00e0 Leipzig pour d\u00e9butants et avanc\u00e9s de A1 \u00e0 C2<\/h2>\n<p>[\/vc_column_text][vc_column_text]Comme nous l&#8217;avons dit, vous pouvez r\u00e9server des cours d&#8217;allemand \u00e0 tous les niveaux dans notre \u00e9cole de Leipzig. Les participants sans connaissances pr\u00e9alables de l&#8217;allemand commencent par le niveau d\u00e9butant A1. Si vous avez termin\u00e9 les niveaux A2, B1 et B2, vous avez en principe appris toutes les structures grammaticales. Aux niveaux C1 et C2, vous peaufinez vos connaissances linguistiques et approfondissez votre expression orale et \u00e9crite. Les niveaux C1 et plus sont g\u00e9n\u00e9ralement la condition pr\u00e9alable \u00e0 des \u00e9tudes dans une \u00e9cole sup\u00e9rieure ou une universit\u00e9 allemande.[\/vc_column_text]\t<div class=\"vc_btn3-container vc_btn3-inline\">\r\n\t\t<a href=\"\/fr\/contactez-nous\/\" class=\"pgs_btn pgs_btn_style_1 pgs_btn_lg\">\r\n\t\t\t<span>\r\n\t\t\t\tD&#039;autres questions?\t\t\t<\/span>\r\n\t\t\t\t\t\t<i class=\"fas fa-angle-double-right\"><\/i>\r\n\t\t\t\t\t<\/a>\r\n\t<\/div>\r\n\t[\/vc_column][\/vc_row][vc_row full_width=&#8221;stretch_row&#8221; css=&#8221;.vc_custom_1643319170479{padding-top: 25px !important;padding-bottom: 35px !important;background-color: #f8f8f8 !important;}&#8221;][vc_column][vc_column_text]<\/p>\n<h2>Cours intensifs d\u2019Allemand \u00e0 Leipzig \u2013 pour A1, A2, B1, B2, C1, C2<\/h2>\n<p>Cours intensif &#8211; jusqu&#8217;\u00e0 20 heures de cours par semaine (pour 2-4 participants 2\u00d760 minutes par jour, \u00e0 partir de 5 participants : 3\u00d760 min. par jour)<br \/>\nHoraires des cours : tous les jours (du lundi au vendredi) de 9:00 \u00e0 12:00 (jusqu&#8217;\u00e0 11:00 pour les moins de 5 participants) Vous pouvez vous inscrire tout de suite pour une semaine ou pour plusieurs mois.<\/p>\n<p>Voici nos tarifs hebdomadaires :<\/p>\n<ul>\n<li>1 semaine : \u20ac 199,-<\/li>\n<li>2 semaines : \u20ac 299,-<\/li>\n<li>3 semaines : \u20ac 349,-<\/li>\n<li>4 semaines : \u20ac 499,-<\/li>\n<\/ul>\n<p>[\/vc_column_text]\t<div class=\"vc_btn3-container vc_btn3-left\">\r\n\t\t<a href=\"https:\/\/www.sprachschule-aktiv-leipzig.de\/fr\/inscription-aux-cours-de-langue\/\" class=\"pgs_btn pgs_btn_style_1 pgs_btn_lg\">\r\n\t\t\t<span>\r\n\t\t\t\tS&#039;inscrire maintenant\t\t\t<\/span>\r\n\t\t\t\t\t\t<i class=\"fas fa-angle-double-right\"><\/i>\r\n\t\t\t\t\t<\/a>\r\n\t<\/div>\r\n\t[\/vc_column][\/vc_row][vc_row css=&#8221;.vc_custom_1643319185215{padding-top: 25px !important;padding-bottom: 35px !important;}&#8221;][vc_column][vc_column_text]<\/p>\n<h2>Quel mod\u00e8le de cours pr\u00e9f\u00e9rez-vous? Cours du soir, cours intensifs, cours priv\u00e9s, cours en ligne ou cours en entreprise<\/h2>\n<p>Nous avons diff\u00e9rents types de cours dans notre assortiment. Le cours intensif vous offre 20 heures de cours par semaine et se d\u00e9roule sur quatre semaines. Il existe \u00e9galement en version &#8220;light&#8221;, du lundi au jeudi uniquement. [\/vc_column_text][vc_row_inner][vc_column_inner width=&#8221;1\/2&#8243;][vc_column_text]<img decoding=\"async\" class=\"alignnone wp-image-42 size-full\" src=\"https:\/\/www.sprachschule-aktiv-leipzig.de\/wp-content\/uploads\/2021\/06\/unsere-sprachschulen-in-deutschland-leipzig.jpg\" alt=\"Cours intensifs d\u2019Allemand \u00e0 Leipzig\" width=\"960\" height=\"523\" srcset=\"https:\/\/www.sprachschule-aktiv-leipzig.de\/wp-content\/uploads\/2021\/06\/unsere-sprachschulen-in-deutschland-leipzig.jpg 960w, https:\/\/www.sprachschule-aktiv-leipzig.de\/wp-content\/uploads\/2021\/06\/unsere-sprachschulen-in-deutschland-leipzig-300x163.jpg 300w, https:\/\/www.sprachschule-aktiv-leipzig.de\/wp-content\/uploads\/2021\/06\/unsere-sprachschulen-in-deutschland-leipzig-768x418.jpg 768w\" sizes=\"(max-width: 960px) 100vw, 960px\" \/>[\/vc_column_text][\/vc_column_inner][vc_column_inner width=&#8221;1\/2&#8243;][vc_column_text]Le cours du soir vous donne l&#8217;occasion d&#8217;apprendre l&#8217;allemand apr\u00e8s le travail &#8211; toujours 135 minutes, deux fois par semaine, le lundi et le mercredi de 18h00 \u00e0 20h15. Les cours priv\u00e9s sont adapt\u00e9s \u00e0 vos souhaits et vous pouvez choisir vous-m\u00eame les jours de la semaine et les heures de cours. Les cours en entreprise sont volontiers organis\u00e9s sous forme de formation en entreprise avec un maximum de douze participants ou d&#8217;\u00e9l\u00e8ves individuels. Pour les cours d&#8217;allemand en entreprise \u00e0 Leipzig, vous d\u00e9cidez \u00e9galement du jour et de l&#8217;heure de la formation.[\/vc_column_text][\/vc_column_inner][\/vc_row_inner][vc_column_text]<\/p>\n<h2>Pr\u00e9paration aux examens \u00e0 l&#8217;\u00e9cole de langues Active de Leipzig<\/h2>\n<p>Bien entendu, vous pouvez \u00e9galement suivre chez nous les cours de pr\u00e9paration aux examens les plus divers. Quel que soit votre niveau, nous vous aidons volontiers \u00e0 passer les tests TELC, mais les formations TestDaF et DSH se d\u00e9roulent \u00e9galement chez nous avec beaucoup de succ\u00e8s.<\/p>\n<h2>Cours d&#8217;allemand en petits groupes<\/h2>\n<p>Tous nos types de cours sont limit\u00e9s \u00e0 un maximum de dix participants, ce qui permet \u00e0 chacun de participer intensivement \u00e0 l&#8217;enseignement. Cela am\u00e9liore encore la qualit\u00e9 du cours, car l&#8217;interactivit\u00e9 est maximis\u00e9e.[\/vc_column_text][\/vc_column][\/vc_row][vc_row full_width=&#8221;stretch_row&#8221; css=&#8221;.vc_custom_1643319193001{padding-top: 25px !important;padding-bottom: 35px !important;background-color: #f8f8f8 !important;}&#8221;][vc_column][vc_column_text]<\/p>\n<h2>Quels sont les avantages et les options que vous offre la r\u00e9servation d&#8217;un cours d&#8217;allemand chez nous \u00e0 Leipzig?<\/h2>\n<p>Nous sommes toujours l\u00e0 pour vous, m\u00eame en cas de probl\u00e8mes li\u00e9s \u00e0 votre cours d&#8217;allemand. Vous avez par exemple besoin d&#8217;aide pour votre demande de visa ? Vous cherchez un logement et vous avez du mal \u00e0 trouver le bon ? Pas de probl\u00e8me &#8211; adressez-vous \u00e0 notre \u00e9quipe de service et nous vous aiderons activement.<\/p>\n<h2>Cours d&#8217;allemand pour \u00e9trangers \u00e0 Leipzig &#8211; Quel niveau d&#8217;allemand devriez-vous r\u00e9server ?<\/h2>\n<p>[\/vc_column_text][vc_row_inner][vc_column_inner width=&#8221;1\/2&#8243;][vc_column_text]<iframe title=\"YouTube video player\" src=\"https:\/\/www.youtube.com\/embed\/8FEh6N5gn7k\" width=\"100%\" height=\"315\" frameborder=\"0\" allowfullscreen=\"allowfullscreen\"><\/iframe>[\/vc_column_text][\/vc_column_inner][vc_column_inner width=&#8221;1\/2&#8243;][vc_column_text]Il n&#8217;est pas toujours facile d&#8217;\u00e9valuer son propre niveau dans une langue \u00e9trang\u00e8re. C&#8217;est pourquoi nous vous proposons deux possibilit\u00e9s pour trouver le niveau d&#8217;apprentissage qui vous convient. Soit vous passez \u00e0 l&#8217;\u00e9cole de langues et nous effectuons un test de niveau avec vous sur un ordinateur portable, soit vous profitez des <a href=\"https:\/\/www.sprachschule-aktiv-leipzig.de\/einstufungstest-deutsch-und-fremdsprachen\/\" target=\"_blank\" rel=\"noopener\">tests de niveau gratuits<\/a> sur ce site. Si vous obtenez un r\u00e9sultat d&#8217;au moins 60% \u00e0 un test, vous v\u00e9rifiez vos connaissances au niveau suivant. Ce n&#8217;est que si le r\u00e9sultat est inf\u00e9rieur \u00e0 60% que vous savez qu&#8217;il s&#8217;agit du niveau de cours auquel vous devez vous inscrire.[\/vc_column_text][\/vc_column_inner][\/vc_row_inner][\/vc_column][\/vc_row]<\/p>\n","protected":false},"excerpt":{"rendered":"<p>[vc_row full_width=&#8221;stretch_row_content_no_spaces&#8221; content_placement=&#8221;middle&#8221; css=&#8221;.vc_custom_1624214439868{margin-bottom: 20px !important;background-color: #eeeced !important;}&#8221;][vc_column width=&#8221;1\/2&#8243;][vc_single_image image=&#8221;1202&#8243; img_size=&#8221;full&#8221;][\/vc_column][vc_column width=&#8221;1\/2&#8243;][vc_column_text css=&#8221;.vc_custom_1646475046807{margin-top: 20px !important;}&#8221;] Bienvenue \u00e0 Sprachschule Aktiv [\/vc_column_text][\/vc_column][\/vc_row][vc_row][vc_column][vc_column_text] Cours d&#8217;allemand \u00e0 Leipzig &#8211; A1 \u00e0 C2 &#8211; \u00c9cole de langues Aktiv Apprendre l&#8217;allemand \u00e0 Leipzig en cours intensifs, cours du soir, cours particuliers et cours en ligne avec certificat de langue. Cours d&#8217;allemand&hellip; <a class=\"read-more\" href=\"https:\/\/www.sprachschule-aktiv-leipzig.de\/fr\/\" title=\"Read Sprachschule Aktiv Leipzig\">Read more &raquo;<\/a><\/p>\n","protected":false},"author":1,"featured_media":0,"parent":0,"menu_order":0,"comment_status":"closed","ping_status":"closed","template":"","meta":{"footnotes":""},"class_list":["post-1035","page","type-page","status-publish","hentry"],"yoast_head":"<!-- This site is optimized with the Yoast SEO plugin v27.1.1 - https:\/\/yoast.com\/product\/yoast-seo-wordpress\/ -->\n<title>Cours d&#039;allemand \u00e0 Leipzig \u2013 \u00e9cole de langue pour l&#039;allemand<\/title>\n<meta name=\"description\" content=\"Apprendre l&#039;allemand \u00e0 Leipzig en cours intensifs, cours du soir, cours particuliers et cours en ligne avec certificat de langue.\" \/>\n<meta name=\"robots\" content=\"index, follow, max-snippet:-1, max-image-preview:large, max-video-preview:-1\" \/>\n<link rel=\"canonical\" href=\"https:\/\/www.sprachschule-aktiv-leipzig.de\/fr\/\" \/>\n<meta property=\"og:locale\" content=\"fr_FR\" \/>\n<meta property=\"og:type\" content=\"article\" \/>\n<meta property=\"og:title\" content=\"Cours d&#039;allemand \u00e0 Leipzig \u2013 \u00e9cole de langue pour l&#039;allemand\" \/>\n<meta property=\"og:description\" content=\"Apprendre l&#039;allemand \u00e0 Leipzig en cours intensifs, cours du soir, cours particuliers et cours en ligne avec certificat de langue.\" \/>\n<meta property=\"og:url\" content=\"https:\/\/www.sprachschule-aktiv-leipzig.de\/fr\/\" \/>\n<meta property=\"article:modified_time\" content=\"2023-10-10T08:47:23+00:00\" \/>\n<meta property=\"og:image\" content=\"https:\/\/www.sprachschule-aktiv-leipzig.de\/wp-content\/uploads\/2021\/06\/unsere-sprachschulen-in-deutschland-leipzig.jpg\" \/>\n<meta name=\"twitter:card\" content=\"summary_large_image\" \/>\n<meta name=\"twitter:label1\" content=\"Dur\u00e9e de lecture estim\u00e9e\" \/>\n\t<meta name=\"twitter:data1\" content=\"6 minutes\" \/>\n<script type=\"application\/ld+json\" class=\"yoast-schema-graph\">{\"@context\":\"https:\/\/schema.org\",\"@graph\":[{\"@type\":\"WebPage\",\"@id\":\"https:\/\/www.sprachschule-aktiv-leipzig.de\/fr\/\",\"url\":\"https:\/\/www.sprachschule-aktiv-leipzig.de\/fr\/\",\"name\":\"Cours d'allemand \u00e0 Leipzig \u2013 \u00e9cole de langue pour l'allemand\",\"isPartOf\":{\"@id\":\"https:\/\/www.sprachschule-aktiv-leipzig.de\/#website\"},\"primaryImageOfPage\":{\"@id\":\"https:\/\/www.sprachschule-aktiv-leipzig.de\/fr\/#primaryimage\"},\"image\":{\"@id\":\"https:\/\/www.sprachschule-aktiv-leipzig.de\/fr\/#primaryimage\"},\"thumbnailUrl\":\"https:\/\/www.sprachschule-aktiv-leipzig.de\/wp-content\/uploads\/2021\/06\/unsere-sprachschulen-in-deutschland-leipzig.jpg\",\"datePublished\":\"2021-06-20T13:48:58+00:00\",\"dateModified\":\"2023-10-10T08:47:23+00:00\",\"description\":\"Apprendre l'allemand \u00e0 Leipzig en cours intensifs, cours du soir, cours particuliers et cours en ligne avec certificat de langue.\",\"breadcrumb\":{\"@id\":\"https:\/\/www.sprachschule-aktiv-leipzig.de\/fr\/#breadcrumb\"},\"inLanguage\":\"fr-FR\",\"potentialAction\":[{\"@type\":\"ReadAction\",\"target\":[\"https:\/\/www.sprachschule-aktiv-leipzig.de\/fr\/\"]}]},{\"@type\":\"ImageObject\",\"inLanguage\":\"fr-FR\",\"@id\":\"https:\/\/www.sprachschule-aktiv-leipzig.de\/fr\/#primaryimage\",\"url\":\"https:\/\/www.sprachschule-aktiv-leipzig.de\/wp-content\/uploads\/2021\/06\/unsere-sprachschulen-in-deutschland-leipzig.jpg\",\"contentUrl\":\"https:\/\/www.sprachschule-aktiv-leipzig.de\/wp-content\/uploads\/2021\/06\/unsere-sprachschulen-in-deutschland-leipzig.jpg\"},{\"@type\":\"BreadcrumbList\",\"@id\":\"https:\/\/www.sprachschule-aktiv-leipzig.de\/fr\/#breadcrumb\",\"itemListElement\":[{\"@type\":\"ListItem\",\"position\":1,\"name\":\"Startseite\",\"item\":\"https:\/\/www.sprachschule-aktiv-leipzig.de\/fr\/\"},{\"@type\":\"ListItem\",\"position\":2,\"name\":\"Sprachschule Aktiv Leipzig\"}]},{\"@type\":\"WebSite\",\"@id\":\"https:\/\/www.sprachschule-aktiv-leipzig.de\/#website\",\"url\":\"https:\/\/www.sprachschule-aktiv-leipzig.de\/\",\"name\":\"\",\"description\":\"\",\"potentialAction\":[{\"@type\":\"SearchAction\",\"target\":{\"@type\":\"EntryPoint\",\"urlTemplate\":\"https:\/\/www.sprachschule-aktiv-leipzig.de\/?s={search_term_string}\"},\"query-input\":{\"@type\":\"PropertyValueSpecification\",\"valueRequired\":true,\"valueName\":\"search_term_string\"}}],\"inLanguage\":\"fr-FR\"}]}<\/script>\n<!-- \/ Yoast SEO plugin. -->","yoast_head_json":{"title":"Cours d'allemand \u00e0 Leipzig \u2013 \u00e9cole de langue pour l'allemand","description":"Apprendre l'allemand \u00e0 Leipzig en cours intensifs, cours du soir, cours particuliers et cours en ligne avec certificat de langue.","robots":{"index":"index","follow":"follow","max-snippet":"max-snippet:-1","max-image-preview":"max-image-preview:large","max-video-preview":"max-video-preview:-1"},"canonical":"https:\/\/www.sprachschule-aktiv-leipzig.de\/fr\/","og_locale":"fr_FR","og_type":"article","og_title":"Cours d'allemand \u00e0 Leipzig \u2013 \u00e9cole de langue pour l'allemand","og_description":"Apprendre l'allemand \u00e0 Leipzig en cours intensifs, cours du soir, cours particuliers et cours en ligne avec certificat de langue.","og_url":"https:\/\/www.sprachschule-aktiv-leipzig.de\/fr\/","article_modified_time":"2023-10-10T08:47:23+00:00","og_image":[{"url":"https:\/\/www.sprachschule-aktiv-leipzig.de\/wp-content\/uploads\/2021\/06\/unsere-sprachschulen-in-deutschland-leipzig.jpg","type":"","width":"","height":""}],"twitter_card":"summary_large_image","twitter_misc":{"Dur\u00e9e de lecture estim\u00e9e":"6 minutes"},"schema":{"@context":"https:\/\/schema.org","@graph":[{"@type":"WebPage","@id":"https:\/\/www.sprachschule-aktiv-leipzig.de\/fr\/","url":"https:\/\/www.sprachschule-aktiv-leipzig.de\/fr\/","name":"Cours d'allemand \u00e0 Leipzig \u2013 \u00e9cole de langue pour l'allemand","isPartOf":{"@id":"https:\/\/www.sprachschule-aktiv-leipzig.de\/#website"},"primaryImageOfPage":{"@id":"https:\/\/www.sprachschule-aktiv-leipzig.de\/fr\/#primaryimage"},"image":{"@id":"https:\/\/www.sprachschule-aktiv-leipzig.de\/fr\/#primaryimage"},"thumbnailUrl":"https:\/\/www.sprachschule-aktiv-leipzig.de\/wp-content\/uploads\/2021\/06\/unsere-sprachschulen-in-deutschland-leipzig.jpg","datePublished":"2021-06-20T13:48:58+00:00","dateModified":"2023-10-10T08:47:23+00:00","description":"Apprendre l'allemand \u00e0 Leipzig en cours intensifs, cours du soir, cours particuliers et cours en ligne avec certificat de langue.","breadcrumb":{"@id":"https:\/\/www.sprachschule-aktiv-leipzig.de\/fr\/#breadcrumb"},"inLanguage":"fr-FR","potentialAction":[{"@type":"ReadAction","target":["https:\/\/www.sprachschule-aktiv-leipzig.de\/fr\/"]}]},{"@type":"ImageObject","inLanguage":"fr-FR","@id":"https:\/\/www.sprachschule-aktiv-leipzig.de\/fr\/#primaryimage","url":"https:\/\/www.sprachschule-aktiv-leipzig.de\/wp-content\/uploads\/2021\/06\/unsere-sprachschulen-in-deutschland-leipzig.jpg","contentUrl":"https:\/\/www.sprachschule-aktiv-leipzig.de\/wp-content\/uploads\/2021\/06\/unsere-sprachschulen-in-deutschland-leipzig.jpg"},{"@type":"BreadcrumbList","@id":"https:\/\/www.sprachschule-aktiv-leipzig.de\/fr\/#breadcrumb","itemListElement":[{"@type":"ListItem","position":1,"name":"Startseite","item":"https:\/\/www.sprachschule-aktiv-leipzig.de\/fr\/"},{"@type":"ListItem","position":2,"name":"Sprachschule Aktiv Leipzig"}]},{"@type":"WebSite","@id":"https:\/\/www.sprachschule-aktiv-leipzig.de\/#website","url":"https:\/\/www.sprachschule-aktiv-leipzig.de\/","name":"","description":"","potentialAction":[{"@type":"SearchAction","target":{"@type":"EntryPoint","urlTemplate":"https:\/\/www.sprachschule-aktiv-leipzig.de\/?s={search_term_string}"},"query-input":{"@type":"PropertyValueSpecification","valueRequired":true,"valueName":"search_term_string"}}],"inLanguage":"fr-FR"}]}},"_links":{"self":[{"href":"https:\/\/www.sprachschule-aktiv-leipzig.de\/fr\/wp-json\/wp\/v2\/pages\/1035","targetHints":{"allow":["GET"]}}],"collection":[{"href":"https:\/\/www.sprachschule-aktiv-leipzig.de\/fr\/wp-json\/wp\/v2\/pages"}],"about":[{"href":"https:\/\/www.sprachschule-aktiv-leipzig.de\/fr\/wp-json\/wp\/v2\/types\/page"}],"author":[{"embeddable":true,"href":"https:\/\/www.sprachschule-aktiv-leipzig.de\/fr\/wp-json\/wp\/v2\/users\/1"}],"replies":[{"embeddable":true,"href":"https:\/\/www.sprachschule-aktiv-leipzig.de\/fr\/wp-json\/wp\/v2\/comments?post=1035"}],"version-history":[{"count":10,"href":"https:\/\/www.sprachschule-aktiv-leipzig.de\/fr\/wp-json\/wp\/v2\/pages\/1035\/revisions"}],"predecessor-version":[{"id":4106,"href":"https:\/\/www.sprachschule-aktiv-leipzig.de\/fr\/wp-json\/wp\/v2\/pages\/1035\/revisions\/4106"}],"wp:attachment":[{"href":"https:\/\/www.sprachschule-aktiv-leipzig.de\/fr\/wp-json\/wp\/v2\/media?parent=1035"}],"curies":[{"name":"wp","href":"https:\/\/api.w.org\/{rel}","templated":true}]}}