{"id":824,"date":"2021-06-20T15:48:58","date_gmt":"2021-06-20T13:48:58","guid":{"rendered":"https:\/\/www.sprachschule-aktiv-leipzig.de\/home\/"},"modified":"2022-08-09T06:26:14","modified_gmt":"2022-08-09T04:26:14","slug":"home","status":"publish","type":"page","link":"https:\/\/www.sprachschule-aktiv-leipzig.de\/es\/","title":{"rendered":"Sprachschule Aktiv Leipzig"},"content":{"rendered":"<p>[vc_row full_width=&#8221;stretch_row_content_no_spaces&#8221; content_placement=&#8221;middle&#8221; css=&#8221;.vc_custom_1624214439868{margin-bottom: 20px !important;background-color: #eeeced !important;}&#8221;][vc_column width=&#8221;1\/2&#8243;][vc_single_image image=&#8221;2403&#8243; img_size=&#8221;full&#8221;][\/vc_column][vc_column width=&#8221;1\/2&#8243;][vc_column_text css=&#8221;.vc_custom_1660019163837{margin-top: 20px !important;margin-bottom: 35px !important;}&#8221;]<\/p>\n<h3 style=\"text-align: center; font-size: 55px;\">Aprender alem\u00e1n en Leipzig<\/h3>\n<h4 style=\"text-align: center; font-size: 34px;\">Cursos intensivos, privados o nocturnos<\/h4>\n<p>[\/vc_column_text]\t<div class=\"vc_btn3-container vc_btn3-center\">\r\n\t\t<a href=\"https:\/\/www.sprachschule-aktiv-leipzig.de\/es\/contactar-escuela-idiomas-leipzig\/\" class=\"pgs_btn pgs_btn_style_1 pgs_btn_xl\">\r\n\t\t\t<span>\r\n\t\t\t\tCont\u00e1ctanos\t\t\t<\/span>\r\n\t\t\t\t\t\t<i class=\"fas fa-angle-double-right\"><\/i>\r\n\t\t\t\t\t<\/a>\r\n\t<\/div>\r\n\t\t<div class=\"vc_btn3-container vc_btn3-center\">\r\n\t\t<a href=\"https:\/\/www.sprachschule-aktiv-leipzig.de\/es\/inscribete-escuela-leipzig\/\" class=\"pgs_btn pgs_btn_style_1 pgs_btn_xl\">\r\n\t\t\t<span>\r\n\t\t\t\tInscr\u00edbete ahora\t\t\t<\/span>\r\n\t\t\t\t\t\t<i class=\"fas fa-angle-double-right\"><\/i>\r\n\t\t\t\t\t<\/a>\r\n\t<\/div>\r\n\t[\/vc_column][\/vc_row][vc_row css=&#8221;.vc_custom_1642668393000{padding-bottom: 15px !important;}&#8221;][vc_column][vc_column_text]<\/p>\n<h1>Cursos de alem\u00e1n en Leipzig &#8211; A1 a C2 &#8211; Academia de alem\u00e1n<\/h1>\n<p>Aprenda alem\u00e1n en Leipzig en cursos intensivos, nocturnos, privados y online, y obtenga un certificado de idioma. Cursos de alem\u00e1n en Leipzig con clase de prueba gratuita en los cursos privados y prueba de nivel gratuita. Cursos de alem\u00e1n para principiantes y avanzados.<\/p>\n<p>\u00bfBusca un socio fiable y profesional para aprender alem\u00e1n? Aprenda alem\u00e1n en Leipzig y disfrute de la amplia gama de cursos que ofrecemos, desde A1 hasta C2.[\/vc_column_text][\/vc_column][\/vc_row][vc_row full_width=&#8221;stretch_row&#8221; css=&#8221;.vc_custom_1642668411071{padding-top: 25px !important;padding-bottom: 20px !important;background-color: #f8f8f8 !important;}&#8221;][vc_column][vc_column_text]<\/p>\n<h2>Aprenda alem\u00e1n en Leipzig con acad\u00e9micos cualificados y hablantes nativos<\/h2>\n<p>En nuestros cursos de alem\u00e1n ense\u00f1an tanto hablantes nativos como acad\u00e9micos experimentados utilizando materiales did\u00e1cticos modernos en todos los niveles. Todos nuestros profesores tienen un t\u00edtulo universitario y una gran experiencia en la ense\u00f1anza de la lengua alemana. Tambi\u00e9n son competentes en cuanto a estudios regionales y consejos interesantes sobre la vida cotidiana en Alemania.<\/p>\n<h2>Cursos de alem\u00e1n en Leipzig para principiantes y avanzados de A1 a C2<\/h2>\n<p>Como se ha mencionado anteriormente, puede reservar clases de alem\u00e1n de cualquier nivel con nosotros en Leipzig. Los participantes sin conocimientos previos de alem\u00e1n comienzan en el nivel A1 de principiantes. Si has completado los niveles A2, B1 y B2, entonces has aprendido b\u00e1sicamente todas las estructuras gramaticales. En los niveles C1 y C2, afinar\u00e1 sus habilidades ling\u00fc\u00edsticas y profundizar\u00e1 en su expresi\u00f3n oral y escrita. Los niveles C1 y superiores suelen ser tambi\u00e9n el requisito para estudiar en un colegio o universidad alemana.<br \/>\n[\/vc_column_text][\/vc_column][\/vc_row][vc_row css=&#8221;.vc_custom_1624211499389{padding-top: 25px !important;}&#8221;][vc_column][vc_column_text]<\/p>\n<h2>Cursos intensivos de alem\u00e1n en Leipzig &#8211; para A1, A2, B1, B2, C1, C2<\/h2>\n<p>[\/vc_column_text][vc_row_inner content_placement=&#8221;middle&#8221;][vc_column_inner][vc_column_text]\n<table id=\"tablepress-8\" class=\"tablepress tablepress-id-8\">\n<thead>\n<tr class=\"row-1\">\n\t<th class=\"column-1\">Curso intensivo - Hasta 20 lecciones por semana <\/th>\n<\/tr>\n<\/thead>\n<tbody class=\"row-striping row-hover\">\n<tr class=\"row-2\">\n\t<td class=\"column-1\">para 2-4 participantes 2\u00d760 minutos diarios<\/td>\n<\/tr>\n<tr class=\"row-3\">\n\t<td class=\"column-1\">para 5 participantes y m\u00e1s: 3\u00d760 minutos diarios<\/td>\n<\/tr>\n<\/tbody>\n<\/table>\n<!-- #tablepress-8 from cache -->[\/vc_column_text][vc_column_text]\n<table id=\"tablepress-9\" class=\"tablepress tablepress-id-9\">\n<thead>\n<tr class=\"row-1\">\n\t<th class=\"column-1\">Horario del curso<\/th>\n<\/tr>\n<\/thead>\n<tbody class=\"row-striping row-hover\">\n<tr class=\"row-2\">\n\t<td class=\"column-1\">Diario (de lunes a viernes) de 9:00 a 12:00  Puedes inscribirte para una semana o para varios meses.<\/td>\n<\/tr>\n<\/tbody>\n<\/table>\n<!-- #tablepress-9 from cache -->[\/vc_column_text][vc_column_text]\n<table id=\"tablepress-10\" class=\"tablepress tablepress-id-10\">\n<thead>\n<tr class=\"row-1\">\n\t<th class=\"column-1\">Estos son nuestros precios semanales:<\/th>\n<\/tr>\n<\/thead>\n<tbody class=\"row-striping row-hover\">\n<tr class=\"row-2\">\n\t<td class=\"column-1\">1 semana: 229,- euros<\/td>\n<\/tr>\n<tr class=\"row-3\">\n\t<td class=\"column-1\">2 semanas: 349,- euros<\/td>\n<\/tr>\n<tr class=\"row-4\">\n\t<td class=\"column-1\">3 semanas: 439,- euros<\/td>\n<\/tr>\n<tr class=\"row-5\">\n\t<td class=\"column-1\">4 semanas: 549,- euros<\/td>\n<\/tr>\n<\/tbody>\n<\/table>\n<!-- #tablepress-10 from cache -->[\/vc_column_text]\t<div class=\"vc_btn3-container vc_btn3-inline\">\r\n\t\t<a href=\"https:\/\/www.sprachschule-aktiv-leipzig.de\/es\/inscribete-escuela-leipzig\/\" class=\"pgs_btn pgs_btn_style_1 pgs_btn_lg  vc_custom_1642668427165\">\r\n\t\t\t<span>\r\n\t\t\t\tInscr\u00edbete ahora\t\t\t<\/span>\r\n\t\t\t\t\t\t<i class=\"fas fa-angle-double-right\"><\/i>\r\n\t\t\t\t\t<\/a>\r\n\t<\/div>\r\n\t[\/vc_column_inner][\/vc_row_inner][\/vc_column][\/vc_row][vc_row full_width=&#8221;stretch_row&#8221; css=&#8221;.vc_custom_1642668445277{padding-top: 25px !important;padding-bottom: 20px !important;background-color: #f8f8f8 !important;}&#8221;][vc_column][vc_column_text]<\/p>\n<h2>\u00bfQu\u00e9 modelo de curso prefiere? Cursos nocturnos, intensivos, privados, en l\u00ednea o para empresas.<\/h2>\n<p>[\/vc_column_text][vc_row_inner][vc_column_inner width=&#8221;1\/2&#8243;][vc_column_text]Tenemos diferentes tipos de cursos en nuestra academia. El curso intensivo le ofrece 20 lecciones por semana y se desarrolla durante cuatro semanas. Tambi\u00e9n est\u00e1 disponible en versi\u00f3n &#8220;light&#8221; s\u00f3lo de lunes a jueves. El curso nocturno le ofrece la oportunidad de aprender alem\u00e1n despu\u00e9s del trabajo, siempre 135 minutos, dos veces por semana, los lunes y los mi\u00e9rcoles de 18:00 a 20:15. En las clases particulares, se tienen en cuenta sus deseos y usted mismo puede determinar los d\u00edas de la semana y los horarios de esos d\u00edas. Los cursos para empresas est\u00e1n disponibles como formaci\u00f3n interna con un m\u00e1ximo de doce participantes o como alumnos individuales. Usted tambi\u00e9n determina el d\u00eda y la hora del curso de alem\u00e1n para empresas en Leipzig.[\/vc_column_text][\/vc_column_inner][vc_column_inner width=&#8221;1\/2&#8243;][vc_column_text]<iframe src=\"https:\/\/www.youtube.com\/embed\/54-5aCU96MM\" width=\"100%\" height=\"350\" frameborder=\"0\" allowfullscreen=\"allowfullscreen\"><\/iframe>[\/vc_column_text][\/vc_column_inner][\/vc_row_inner][\/vc_column][\/vc_row][vc_row css=&#8221;.vc_custom_1642668449905{padding-top: 25px !important;padding-bottom: 20px !important;}&#8221;][vc_column][vc_column_text]<\/p>\n<h2>Preparaci\u00f3n de ex\u00e1menes en la Sprachschule Aktiv de Leipzig<\/h2>\n<p>Por supuesto, tambi\u00e9n puede realizar una variedad de cursos de preparaci\u00f3n de ex\u00e1menes con nosotros. No importa el nivel, estamos encantados de ayudarle con las pruebas TELC, pero tambi\u00e9n los entrenamientos TestDaF y DSH se desarrollan con mucho \u00e9xito con nosotros.<\/p>\n<h2>Cursos de alem\u00e1n en grupos reducidos<\/h2>\n<p>Todos nuestros cursos est\u00e1n limitados a un m\u00e1ximo de diez participantes, para que todos puedan participar intensamente en las clases. Esto tambi\u00e9n aumenta la calidad del curso, ya que se maximiza la interactividad.[\/vc_column_text][vc_row_inner][vc_column_inner width=&#8221;1\/2&#8243;][vc_column_text]<img decoding=\"async\" class=\"alignnone wp-image-42 size-full\" src=\"https:\/\/www.sprachschule-aktiv-leipzig.de\/wp-content\/uploads\/2021\/06\/unsere-sprachschulen-in-deutschland-leipzig.jpg\" alt=\"German courses in Leipzig - A1 to C2 - Sprachschule Aktiv\" width=\"960\" height=\"523\" srcset=\"https:\/\/www.sprachschule-aktiv-leipzig.de\/wp-content\/uploads\/2021\/06\/unsere-sprachschulen-in-deutschland-leipzig.jpg 960w, https:\/\/www.sprachschule-aktiv-leipzig.de\/wp-content\/uploads\/2021\/06\/unsere-sprachschulen-in-deutschland-leipzig-300x163.jpg 300w, https:\/\/www.sprachschule-aktiv-leipzig.de\/wp-content\/uploads\/2021\/06\/unsere-sprachschulen-in-deutschland-leipzig-768x418.jpg 768w\" sizes=\"(max-width: 960px) 100vw, 960px\" \/>[\/vc_column_text][\/vc_column_inner][vc_column_inner width=&#8221;1\/2&#8243;][vc_column_text]<\/p>\n<h2>\u00bfCu\u00e1les son las ventajas y opciones de reservar un curso de alem\u00e1n con nosotros en Leipzig?<\/h2>\n<p>Siempre estamos a tu disposici\u00f3n si tienes alg\u00fan problema con tu curso de alem\u00e1n. Por ejemplo, \u00bfnecesita ayuda con su solicitud de visado? \u00bfBusca alojamiento y tiene problemas para encontrarlo? No hay problema: p\u00f3ngase en contacto con nuestro equipo de servicio al cliente y le ayudaremos activamente.[\/vc_column_text][\/vc_column_inner][\/vc_row_inner][\/vc_column][\/vc_row][vc_row full_width=&#8221;stretch_row&#8221; css=&#8221;.vc_custom_1642668455055{padding-top: 25px !important;padding-bottom: 20px !important;background-color: #f8f8f8 !important;}&#8221;][vc_column][vc_column_text]<\/p>\n<h2>Cursos de alem\u00e1n para extranjeros en Leipzig &#8211; \u00bfQu\u00e9 nivel de aprendizaje debe reservar?<\/h2>\n<p>A menudo no es f\u00e1cil evaluar su propio nivel en una lengua extranjera. Por lo tanto, le ofrecemos dos posibilidades para encontrar el nivel de aprendizaje adecuado para usted. O bien vienes a nuestra escuela de idiomas y hacemos una prueba de nivel contigo en un ordenador port\u00e1til, o bien disfrutas de las pruebas de nivel gratuitas en esta p\u00e1gina web. Si tienes un resultado de al menos el 60% de una prueba, examinas tus conocimientos en el siguiente nivel. S\u00f3lo si el resultado es inferior al 60% sabr\u00e1 que ese es el nivel del curso en el que debe matricularse.[\/vc_column_text][vc_row_inner][vc_column_inner width=&#8221;1\/2&#8243;][vc_column_text]<iframe title=\"YouTube video player\" src=\"https:\/\/www.youtube.com\/embed\/8FEh6N5gn7k\" width=\"560\" height=\"315\" frameborder=\"0\" allowfullscreen=\"allowfullscreen\"><\/iframe>[\/vc_column_text][\/vc_column_inner][vc_column_inner width=&#8221;1\/2&#8243;][vc_column_text]<iframe title=\"YouTube video player\" src=\"https:\/\/www.youtube.com\/embed\/JOvJI8b4z_E\" width=\"560\" height=\"315\" frameborder=\"0\" allowfullscreen=\"allowfullscreen\"><\/iframe>[\/vc_column_text][\/vc_column_inner][\/vc_row_inner][\/vc_column][\/vc_row]<\/p>\n","protected":false},"excerpt":{"rendered":"<p>[vc_row full_width=&#8221;stretch_row_content_no_spaces&#8221; content_placement=&#8221;middle&#8221; css=&#8221;.vc_custom_1624214439868{margin-bottom: 20px !important;background-color: #eeeced !important;}&#8221;][vc_column width=&#8221;1\/2&#8243;][vc_single_image image=&#8221;2403&#8243; img_size=&#8221;full&#8221;][\/vc_column][vc_column width=&#8221;1\/2&#8243;][vc_column_text css=&#8221;.vc_custom_1660019163837{margin-top: 20px !important;margin-bottom: 35px !important;}&#8221;] Aprender alem\u00e1n en Leipzig Cursos intensivos, privados o nocturnos [\/vc_column_text][\/vc_column][\/vc_row][vc_row css=&#8221;.vc_custom_1642668393000{padding-bottom: 15px !important;}&#8221;][vc_column][vc_column_text] Cursos de alem\u00e1n en Leipzig &#8211; A1 a C2 &#8211; Academia de alem\u00e1n Aprenda alem\u00e1n en Leipzig en cursos intensivos, nocturnos, privados y online, y&hellip; <a class=\"read-more\" href=\"https:\/\/www.sprachschule-aktiv-leipzig.de\/es\/\" title=\"Read Sprachschule Aktiv Leipzig\">Read more &raquo;<\/a><\/p>\n","protected":false},"author":1,"featured_media":0,"parent":0,"menu_order":0,"comment_status":"closed","ping_status":"closed","template":"","meta":{"footnotes":""},"class_list":["post-824","page","type-page","status-publish","hentry"],"yoast_head":"<!-- This site is optimized with the Yoast SEO plugin v27.1.1 - https:\/\/yoast.com\/product\/yoast-seo-wordpress\/ -->\n<title>Curso de alem\u00e1n en Leipzig - Academia de alem\u00e1n<\/title>\n<meta name=\"description\" content=\"cursos de alem\u00e1n en Leipzig para A1, A2, B1, B2, C1, C2 \u2705 Clases particulares, cursos intensivos, clases online o cursos nocturnos.\" \/>\n<meta name=\"robots\" content=\"index, follow, max-snippet:-1, max-image-preview:large, max-video-preview:-1\" \/>\n<link rel=\"canonical\" href=\"https:\/\/www.sprachschule-aktiv-leipzig.de\/es\/\" \/>\n<meta property=\"og:locale\" content=\"es_ES\" \/>\n<meta property=\"og:type\" content=\"article\" \/>\n<meta property=\"og:title\" content=\"Curso de alem\u00e1n en Leipzig - Academia de alem\u00e1n\" \/>\n<meta property=\"og:description\" content=\"cursos de alem\u00e1n en Leipzig para A1, A2, B1, B2, C1, C2 \u2705 Clases particulares, cursos intensivos, clases online o cursos nocturnos.\" \/>\n<meta property=\"og:url\" content=\"https:\/\/www.sprachschule-aktiv-leipzig.de\/es\/\" \/>\n<meta property=\"article:modified_time\" content=\"2022-08-09T04:26:14+00:00\" \/>\n<meta property=\"og:image\" content=\"https:\/\/www.sprachschule-aktiv-leipzig.de\/wp-content\/uploads\/2021\/06\/unsere-sprachschulen-in-deutschland-leipzig.jpg\" \/>\n<meta name=\"twitter:card\" content=\"summary_large_image\" \/>\n<meta name=\"twitter:label1\" content=\"Tiempo de lectura\" \/>\n\t<meta name=\"twitter:data1\" content=\"5 minutos\" \/>\n<script type=\"application\/ld+json\" class=\"yoast-schema-graph\">{\"@context\":\"https:\/\/schema.org\",\"@graph\":[{\"@type\":\"WebPage\",\"@id\":\"https:\/\/www.sprachschule-aktiv-leipzig.de\/es\/\",\"url\":\"https:\/\/www.sprachschule-aktiv-leipzig.de\/es\/\",\"name\":\"Curso de alem\u00e1n en Leipzig - Academia de alem\u00e1n\",\"isPartOf\":{\"@id\":\"https:\/\/www.sprachschule-aktiv-leipzig.de\/#website\"},\"primaryImageOfPage\":{\"@id\":\"https:\/\/www.sprachschule-aktiv-leipzig.de\/es\/#primaryimage\"},\"image\":{\"@id\":\"https:\/\/www.sprachschule-aktiv-leipzig.de\/es\/#primaryimage\"},\"thumbnailUrl\":\"https:\/\/www.sprachschule-aktiv-leipzig.de\/wp-content\/uploads\/2021\/06\/unsere-sprachschulen-in-deutschland-leipzig.jpg\",\"datePublished\":\"2021-06-20T13:48:58+00:00\",\"dateModified\":\"2022-08-09T04:26:14+00:00\",\"description\":\"cursos de alem\u00e1n en Leipzig para A1, A2, B1, B2, C1, C2 \u2705 Clases particulares, cursos intensivos, clases online o cursos nocturnos.\",\"breadcrumb\":{\"@id\":\"https:\/\/www.sprachschule-aktiv-leipzig.de\/es\/#breadcrumb\"},\"inLanguage\":\"es\",\"potentialAction\":[{\"@type\":\"ReadAction\",\"target\":[\"https:\/\/www.sprachschule-aktiv-leipzig.de\/es\/\"]}]},{\"@type\":\"ImageObject\",\"inLanguage\":\"es\",\"@id\":\"https:\/\/www.sprachschule-aktiv-leipzig.de\/es\/#primaryimage\",\"url\":\"https:\/\/www.sprachschule-aktiv-leipzig.de\/wp-content\/uploads\/2021\/06\/unsere-sprachschulen-in-deutschland-leipzig.jpg\",\"contentUrl\":\"https:\/\/www.sprachschule-aktiv-leipzig.de\/wp-content\/uploads\/2021\/06\/unsere-sprachschulen-in-deutschland-leipzig.jpg\"},{\"@type\":\"BreadcrumbList\",\"@id\":\"https:\/\/www.sprachschule-aktiv-leipzig.de\/es\/#breadcrumb\",\"itemListElement\":[{\"@type\":\"ListItem\",\"position\":1,\"name\":\"Startseite\",\"item\":\"https:\/\/www.sprachschule-aktiv-leipzig.de\/es\/\"},{\"@type\":\"ListItem\",\"position\":2,\"name\":\"Sprachschule Aktiv Leipzig\"}]},{\"@type\":\"WebSite\",\"@id\":\"https:\/\/www.sprachschule-aktiv-leipzig.de\/#website\",\"url\":\"https:\/\/www.sprachschule-aktiv-leipzig.de\/\",\"name\":\"\",\"description\":\"\",\"potentialAction\":[{\"@type\":\"SearchAction\",\"target\":{\"@type\":\"EntryPoint\",\"urlTemplate\":\"https:\/\/www.sprachschule-aktiv-leipzig.de\/?s={search_term_string}\"},\"query-input\":{\"@type\":\"PropertyValueSpecification\",\"valueRequired\":true,\"valueName\":\"search_term_string\"}}],\"inLanguage\":\"es\"}]}<\/script>\n<!-- \/ Yoast SEO plugin. -->","yoast_head_json":{"title":"Curso de alem\u00e1n en Leipzig - Academia de alem\u00e1n","description":"cursos de alem\u00e1n en Leipzig para A1, A2, B1, B2, C1, C2 \u2705 Clases particulares, cursos intensivos, clases online o cursos nocturnos.","robots":{"index":"index","follow":"follow","max-snippet":"max-snippet:-1","max-image-preview":"max-image-preview:large","max-video-preview":"max-video-preview:-1"},"canonical":"https:\/\/www.sprachschule-aktiv-leipzig.de\/es\/","og_locale":"es_ES","og_type":"article","og_title":"Curso de alem\u00e1n en Leipzig - Academia de alem\u00e1n","og_description":"cursos de alem\u00e1n en Leipzig para A1, A2, B1, B2, C1, C2 \u2705 Clases particulares, cursos intensivos, clases online o cursos nocturnos.","og_url":"https:\/\/www.sprachschule-aktiv-leipzig.de\/es\/","article_modified_time":"2022-08-09T04:26:14+00:00","og_image":[{"url":"https:\/\/www.sprachschule-aktiv-leipzig.de\/wp-content\/uploads\/2021\/06\/unsere-sprachschulen-in-deutschland-leipzig.jpg","type":"","width":"","height":""}],"twitter_card":"summary_large_image","twitter_misc":{"Tiempo de lectura":"5 minutos"},"schema":{"@context":"https:\/\/schema.org","@graph":[{"@type":"WebPage","@id":"https:\/\/www.sprachschule-aktiv-leipzig.de\/es\/","url":"https:\/\/www.sprachschule-aktiv-leipzig.de\/es\/","name":"Curso de alem\u00e1n en Leipzig - Academia de alem\u00e1n","isPartOf":{"@id":"https:\/\/www.sprachschule-aktiv-leipzig.de\/#website"},"primaryImageOfPage":{"@id":"https:\/\/www.sprachschule-aktiv-leipzig.de\/es\/#primaryimage"},"image":{"@id":"https:\/\/www.sprachschule-aktiv-leipzig.de\/es\/#primaryimage"},"thumbnailUrl":"https:\/\/www.sprachschule-aktiv-leipzig.de\/wp-content\/uploads\/2021\/06\/unsere-sprachschulen-in-deutschland-leipzig.jpg","datePublished":"2021-06-20T13:48:58+00:00","dateModified":"2022-08-09T04:26:14+00:00","description":"cursos de alem\u00e1n en Leipzig para A1, A2, B1, B2, C1, C2 \u2705 Clases particulares, cursos intensivos, clases online o cursos nocturnos.","breadcrumb":{"@id":"https:\/\/www.sprachschule-aktiv-leipzig.de\/es\/#breadcrumb"},"inLanguage":"es","potentialAction":[{"@type":"ReadAction","target":["https:\/\/www.sprachschule-aktiv-leipzig.de\/es\/"]}]},{"@type":"ImageObject","inLanguage":"es","@id":"https:\/\/www.sprachschule-aktiv-leipzig.de\/es\/#primaryimage","url":"https:\/\/www.sprachschule-aktiv-leipzig.de\/wp-content\/uploads\/2021\/06\/unsere-sprachschulen-in-deutschland-leipzig.jpg","contentUrl":"https:\/\/www.sprachschule-aktiv-leipzig.de\/wp-content\/uploads\/2021\/06\/unsere-sprachschulen-in-deutschland-leipzig.jpg"},{"@type":"BreadcrumbList","@id":"https:\/\/www.sprachschule-aktiv-leipzig.de\/es\/#breadcrumb","itemListElement":[{"@type":"ListItem","position":1,"name":"Startseite","item":"https:\/\/www.sprachschule-aktiv-leipzig.de\/es\/"},{"@type":"ListItem","position":2,"name":"Sprachschule Aktiv Leipzig"}]},{"@type":"WebSite","@id":"https:\/\/www.sprachschule-aktiv-leipzig.de\/#website","url":"https:\/\/www.sprachschule-aktiv-leipzig.de\/","name":"","description":"","potentialAction":[{"@type":"SearchAction","target":{"@type":"EntryPoint","urlTemplate":"https:\/\/www.sprachschule-aktiv-leipzig.de\/?s={search_term_string}"},"query-input":{"@type":"PropertyValueSpecification","valueRequired":true,"valueName":"search_term_string"}}],"inLanguage":"es"}]}},"_links":{"self":[{"href":"https:\/\/www.sprachschule-aktiv-leipzig.de\/es\/wp-json\/wp\/v2\/pages\/824","targetHints":{"allow":["GET"]}}],"collection":[{"href":"https:\/\/www.sprachschule-aktiv-leipzig.de\/es\/wp-json\/wp\/v2\/pages"}],"about":[{"href":"https:\/\/www.sprachschule-aktiv-leipzig.de\/es\/wp-json\/wp\/v2\/types\/page"}],"author":[{"embeddable":true,"href":"https:\/\/www.sprachschule-aktiv-leipzig.de\/es\/wp-json\/wp\/v2\/users\/1"}],"replies":[{"embeddable":true,"href":"https:\/\/www.sprachschule-aktiv-leipzig.de\/es\/wp-json\/wp\/v2\/comments?post=824"}],"version-history":[{"count":14,"href":"https:\/\/www.sprachschule-aktiv-leipzig.de\/es\/wp-json\/wp\/v2\/pages\/824\/revisions"}],"predecessor-version":[{"id":2413,"href":"https:\/\/www.sprachschule-aktiv-leipzig.de\/es\/wp-json\/wp\/v2\/pages\/824\/revisions\/2413"}],"wp:attachment":[{"href":"https:\/\/www.sprachschule-aktiv-leipzig.de\/es\/wp-json\/wp\/v2\/media?parent=824"}],"curies":[{"name":"wp","href":"https:\/\/api.w.org\/{rel}","templated":true}]}}